{"id":712,"date":"2024-05-02T10:32:50","date_gmt":"2024-05-02T13:32:50","guid":{"rendered":"https:\/\/www.piemonteholding.com\/contato\/"},"modified":"2024-09-20T11:45:55","modified_gmt":"2024-09-20T14:45:55","slug":"contato","status":"publish","type":"page","link":"https:\/\/www.piemonteholding.com\/en\/contato\/","title":{"rendered":"Contact"},"content":{"rendered":"\n    \n        <section class=\"block-webdoor bg-dark text-white\" style=\"background-image: url('https:\/\/www.piemonteholding.com\/wp-content\/uploads\/2024\/05\/contact_header_background.png');\">\n            <div class=\"container pt-5\">\n                <div class=\"row\">\n                    <div class=\"col-lg-12 text-center\">\n                        <h2 class=\"display-4 fw-bold hidden\">\n                            Contact                        <\/h2>\n                    <\/div>\n                <\/div>\n            <\/div>\n        <\/section>\n\n    \n\n\n\n    \n        <section class=\"block-contact py-5\">\n            <div class=\"container py-lg-5\">\n                <div class=\"row\">\n                    <div class=\"col-lg-5 hidden\">\n                        <h2 class=\"display-4 mb-4\">\n                            Talk <strong class=\"text-danger\">to Us<\/strong>                        <\/h2>\n                        <p><p style=\"text-align: center; background: white;\" align=\"center\">Do you want to talk to Piemonte? Use the contact form to share your ideas, questions or suggestions.<\/p><\/p>\n\n                        <div class=\"mt-5\">\n                            \n<div class=\"wpcf7 no-js\" id=\"wpcf7-f1058-o1\" lang=\"pt-BR\" dir=\"ltr\" data-wpcf7-id=\"1058\">\n<div class=\"screen-reader-response\"><p role=\"status\" aria-live=\"polite\" aria-atomic=\"true\"><\/p> <ul><\/ul><\/div>\n<form action=\"\/en\/wp-json\/wp\/v2\/pages\/712#wpcf7-f1058-o1\" method=\"post\" class=\"wpcf7-form init\" aria-label=\"Formul\u00e1rios de contato\" novalidate=\"novalidate\" data-status=\"init\">\n<fieldset class=\"hidden-fields-container\"><input type=\"hidden\" name=\"_wpcf7\" value=\"1058\" \/><input type=\"hidden\" name=\"_wpcf7_version\" value=\"6.1.5\" \/><input type=\"hidden\" name=\"_wpcf7_locale\" value=\"pt_BR\" \/><input type=\"hidden\" name=\"_wpcf7_unit_tag\" value=\"wpcf7-f1058-o1\" \/><input type=\"hidden\" name=\"_wpcf7_container_post\" value=\"0\" \/><input type=\"hidden\" name=\"_wpcf7_posted_data_hash\" value=\"\" \/><input type=\"hidden\" name=\"_wpcf7_recaptcha_response\" value=\"\" \/>\n<\/fieldset>\n<div class=\"row\">\n\t<div class=\"col-lg-6\">\n\t\t<div class=\"form-group mb-4\">\n\t\t\t<p><label class=\"form-label small\">Name<\/label><br \/>\n<span class=\"wpcf7-form-control-wrap\" data-name=\"your-name\"><input size=\"40\" maxlength=\"400\" class=\"wpcf7-form-control wpcf7-text form-control rounded-0\" aria-invalid=\"false\" placeholder=\"e.g. John\" value=\"\" type=\"text\" name=\"your-name\" \/><\/span>\n\t\t\t<\/p>\n\t\t<\/div>\n\t<\/div>\n\t<div class=\"col-lg-6\">\n\t\t<div class=\"form-group mb-4\">\n\t\t\t<p><label class=\"form-label small\">Last Name<\/label><br \/>\n<span class=\"wpcf7-form-control-wrap\" data-name=\"your-last-name\"><input size=\"40\" maxlength=\"400\" class=\"wpcf7-form-control wpcf7-text form-control rounded-0\" aria-invalid=\"false\" placeholder=\"e.g. Doe\" value=\"\" type=\"text\" name=\"your-last-name\" \/><\/span>\n\t\t\t<\/p>\n\t\t<\/div>\n\t<\/div>\n\t<div class=\"col-lg-6\">\n\t\t<div class=\"form-group mb-4\">\n\t\t\t<p><label class=\"form-label small\">Work Email<\/label><br \/>\n<span class=\"wpcf7-form-control-wrap\" data-name=\"your-corporate-email\"><input size=\"40\" maxlength=\"400\" class=\"wpcf7-form-control wpcf7-email wpcf7-text wpcf7-validates-as-email form-control rounded-0\" aria-invalid=\"false\" placeholder=\"e.g. john@example.com\" value=\"\" type=\"email\" name=\"your-corporate-email\" \/><\/span>\n\t\t\t<\/p>\n\t\t<\/div>\n\t<\/div>\n\t<div class=\"col-lg-6\">\n\t\t<div class=\"form-group mb-4\">\n\t\t\t<p><label class=\"form-label small\">Company<\/label><br \/>\n<span class=\"wpcf7-form-control-wrap\" data-name=\"your-company\"><input size=\"40\" maxlength=\"400\" class=\"wpcf7-form-control wpcf7-text form-control rounded-0\" aria-invalid=\"false\" placeholder=\"e.g. ACME Inc.\" value=\"\" type=\"text\" name=\"your-company\" \/><\/span>\n\t\t\t<\/p>\n\t\t<\/div>\n\t<\/div>\n\t<div class=\"col-lg-6\">\n\t\t<div class=\"form-group mb-4\">\n\t\t\t<p><label class=\"form-label small\">Select the position<\/label><br \/>\n<span class=\"wpcf7-form-control-wrap\" data-name=\"job-title\"><select class=\"wpcf7-form-control wpcf7-select form-control form-select rounded-0\" aria-invalid=\"false\" name=\"job-title\"><option value=\"Select\">Select<\/option><option value=\"Member\/ CEO\/ Owner\">Member\/ CEO\/ Owner<\/option><option value=\"Director\">Director<\/option><option value=\"Manager\">Manager<\/option><option value=\"Coordinator\/Supervisor\">Coordinator\/Supervisor<\/option><option value=\"Analyst\">Analyst<\/option><option value=\"Trainee\">Trainee<\/option><option value=\"Other\">Other<\/option><\/select><\/span>\n\t\t\t<\/p>\n\t\t<\/div>\n\t<\/div>\n\t<div class=\"col-lg-6\">\n\t\t<div class=\"form-group mb-4\">\n\t\t\t<p><label class=\"form-label small\">Select the subject<\/label><br \/>\n<span class=\"wpcf7-form-control-wrap\" data-name=\"subject\"><select class=\"wpcf7-form-control wpcf7-select form-control form-select rounded-0\" aria-invalid=\"false\" name=\"subject\"><option value=\"Select\">Select<\/option><option value=\"Doubts\">Doubts<\/option><option value=\"Suppliers\">Suppliers<\/option><option value=\"Press\">Press<\/option><option value=\"Partnerships\">Partnerships<\/option><option value=\"Careers\">Careers<\/option><option value=\"Other\">Other<\/option><\/select><\/span>\n\t\t\t<\/p>\n\t\t<\/div>\n\t<\/div>\n\t<div class=\"col-lg-12\">\n\t\t<div class=\"form-group mb-4\">\n\t\t\t<p><label class=\"form-label\">Message<\/label><br \/>\n<span class=\"wpcf7-form-control-wrap\" data-name=\"your-message\"><textarea cols=\"40\" rows=\"5\" maxlength=\"2000\" class=\"wpcf7-form-control wpcf7-textarea form-control rounded-0\" aria-invalid=\"false\" name=\"your-message\"><\/textarea><\/span>\n\t\t\t<\/p>\n\t\t<\/div>\n\t<\/div>\n\t<div class=\"col-lg-12\">\n\t\t<div class=\"form-group\">\n\t\t\t<p><input class=\"wpcf7-form-control wpcf7-submit has-spinner btn btn-lg btn-outline-dark\" type=\"submit\" value=\"Send\" \/>\n\t\t\t<\/p>\n\t\t<\/div>\n\t<\/div>\n<\/div><div class=\"wpcf7-response-output\" aria-hidden=\"true\"><\/div>\n<\/form>\n<\/div>\n                        <\/div>\n                    <\/div>\n                    <div class=\"col-lg-6 offset-lg-1 mt-5 mt-lg-0 d-none d-lg-block\">\n                        <img decoding=\"async\" src=\"https:\/\/www.piemonteholding.com\/wp-content\/uploads\/2024\/05\/contact_img_01.png\" class=\"w-100\" alt=\"Entrada do escrit\u00f3rio da PIEMONTE com grande janela com plantas e instala\u00e7\u00f5es modernas\" \/>\n                    <\/div>\n                <\/div>\n            <\/div>\n        <\/section>\n\n    \n","protected":false},"excerpt":{"rendered":"","protected":false},"author":1,"featured_media":0,"parent":0,"menu_order":0,"comment_status":"closed","ping_status":"closed","template":"","meta":{"_acf_changed":false,"footnotes":""},"class_list":["post-712","page","type-page","status-publish","hentry"],"acf":[],"yoast_head":"<!-- This site is optimized with the Yoast SEO plugin v27.4 - https:\/\/yoast.com\/product\/yoast-seo-wordpress\/ -->\n<title>Contact - Piemonte Holding<\/title>\n<meta name=\"robots\" content=\"index, follow, max-snippet:-1, max-image-preview:large, max-video-preview:-1\" \/>\n<link rel=\"canonical\" href=\"https:\/\/www.piemonteholding.com\/en\/contato\/\" \/>\n<meta property=\"og:locale\" content=\"en_US\" \/>\n<meta property=\"og:type\" content=\"article\" \/>\n<meta property=\"og:title\" content=\"Contact - Piemonte Holding\" \/>\n<meta property=\"og:url\" content=\"https:\/\/www.piemonteholding.com\/en\/contato\/\" \/>\n<meta property=\"og:site_name\" content=\"Piemonte Holding\" \/>\n<meta property=\"article:modified_time\" content=\"2024-09-20T14:45:55+00:00\" \/>\n<meta name=\"twitter:card\" content=\"summary_large_image\" \/>\n<script type=\"application\/ld+json\" class=\"yoast-schema-graph\">{\"@context\":\"https:\\\/\\\/schema.org\",\"@graph\":[{\"@type\":\"WebPage\",\"@id\":\"https:\\\/\\\/www.piemonteholding.com\\\/en\\\/contato\\\/\",\"url\":\"https:\\\/\\\/www.piemonteholding.com\\\/en\\\/contato\\\/\",\"name\":\"Contact - Piemonte Holding\",\"isPartOf\":{\"@id\":\"https:\\\/\\\/www.piemonteholding.com\\\/#website\"},\"datePublished\":\"2024-05-02T13:32:50+00:00\",\"dateModified\":\"2024-09-20T14:45:55+00:00\",\"breadcrumb\":{\"@id\":\"https:\\\/\\\/www.piemonteholding.com\\\/en\\\/contato\\\/#breadcrumb\"},\"inLanguage\":\"en-US\",\"potentialAction\":[{\"@type\":\"ReadAction\",\"target\":[\"https:\\\/\\\/www.piemonteholding.com\\\/en\\\/contato\\\/\"]}]},{\"@type\":\"BreadcrumbList\",\"@id\":\"https:\\\/\\\/www.piemonteholding.com\\\/en\\\/contato\\\/#breadcrumb\",\"itemListElement\":[{\"@type\":\"ListItem\",\"position\":1,\"name\":\"In\u00edcio\",\"item\":\"https:\\\/\\\/www.piemonteholding.com\\\/en\\\/\"},{\"@type\":\"ListItem\",\"position\":2,\"name\":\"Contact\"}]},{\"@type\":\"WebSite\",\"@id\":\"https:\\\/\\\/www.piemonteholding.com\\\/#website\",\"url\":\"https:\\\/\\\/www.piemonteholding.com\\\/\",\"name\":\"Piemonte\",\"description\":\"Piemonte Holding\",\"publisher\":{\"@id\":\"https:\\\/\\\/www.piemonteholding.com\\\/#organization\"},\"alternateName\":\"Piemonte\",\"potentialAction\":[{\"@type\":\"SearchAction\",\"target\":{\"@type\":\"EntryPoint\",\"urlTemplate\":\"https:\\\/\\\/www.piemonteholding.com\\\/?s={search_term_string}\"},\"query-input\":{\"@type\":\"PropertyValueSpecification\",\"valueRequired\":true,\"valueName\":\"search_term_string\"}}],\"inLanguage\":\"en-US\"},{\"@type\":\"Organization\",\"@id\":\"https:\\\/\\\/www.piemonteholding.com\\\/#organization\",\"name\":\"Piemonte\",\"url\":\"https:\\\/\\\/www.piemonteholding.com\\\/\",\"logo\":{\"@type\":\"ImageObject\",\"inLanguage\":\"en-US\",\"@id\":\"https:\\\/\\\/www.piemonteholding.com\\\/#\\\/schema\\\/logo\\\/image\\\/\",\"url\":\"https:\\\/\\\/www.piemonteholding.com\\\/wp-content\\\/uploads\\\/2024\\\/05\\\/logo-1.png\",\"contentUrl\":\"https:\\\/\\\/www.piemonteholding.com\\\/wp-content\\\/uploads\\\/2024\\\/05\\\/logo-1.png\",\"width\":140,\"height\":57,\"caption\":\"Piemonte\"},\"image\":{\"@id\":\"https:\\\/\\\/www.piemonteholding.com\\\/#\\\/schema\\\/logo\\\/image\\\/\"}}]}<\/script>\n<!-- \/ Yoast SEO plugin. -->","yoast_head_json":{"title":"Contact - Piemonte Holding","robots":{"index":"index","follow":"follow","max-snippet":"max-snippet:-1","max-image-preview":"max-image-preview:large","max-video-preview":"max-video-preview:-1"},"canonical":"https:\/\/www.piemonteholding.com\/en\/contato\/","og_locale":"en_US","og_type":"article","og_title":"Contact - Piemonte Holding","og_url":"https:\/\/www.piemonteholding.com\/en\/contato\/","og_site_name":"Piemonte Holding","article_modified_time":"2024-09-20T14:45:55+00:00","twitter_card":"summary_large_image","schema":{"@context":"https:\/\/schema.org","@graph":[{"@type":"WebPage","@id":"https:\/\/www.piemonteholding.com\/en\/contato\/","url":"https:\/\/www.piemonteholding.com\/en\/contato\/","name":"Contact - Piemonte Holding","isPartOf":{"@id":"https:\/\/www.piemonteholding.com\/#website"},"datePublished":"2024-05-02T13:32:50+00:00","dateModified":"2024-09-20T14:45:55+00:00","breadcrumb":{"@id":"https:\/\/www.piemonteholding.com\/en\/contato\/#breadcrumb"},"inLanguage":"en-US","potentialAction":[{"@type":"ReadAction","target":["https:\/\/www.piemonteholding.com\/en\/contato\/"]}]},{"@type":"BreadcrumbList","@id":"https:\/\/www.piemonteholding.com\/en\/contato\/#breadcrumb","itemListElement":[{"@type":"ListItem","position":1,"name":"In\u00edcio","item":"https:\/\/www.piemonteholding.com\/en\/"},{"@type":"ListItem","position":2,"name":"Contact"}]},{"@type":"WebSite","@id":"https:\/\/www.piemonteholding.com\/#website","url":"https:\/\/www.piemonteholding.com\/","name":"Piemonte","description":"Piemonte Holding","publisher":{"@id":"https:\/\/www.piemonteholding.com\/#organization"},"alternateName":"Piemonte","potentialAction":[{"@type":"SearchAction","target":{"@type":"EntryPoint","urlTemplate":"https:\/\/www.piemonteholding.com\/?s={search_term_string}"},"query-input":{"@type":"PropertyValueSpecification","valueRequired":true,"valueName":"search_term_string"}}],"inLanguage":"en-US"},{"@type":"Organization","@id":"https:\/\/www.piemonteholding.com\/#organization","name":"Piemonte","url":"https:\/\/www.piemonteholding.com\/","logo":{"@type":"ImageObject","inLanguage":"en-US","@id":"https:\/\/www.piemonteholding.com\/#\/schema\/logo\/image\/","url":"https:\/\/www.piemonteholding.com\/wp-content\/uploads\/2024\/05\/logo-1.png","contentUrl":"https:\/\/www.piemonteholding.com\/wp-content\/uploads\/2024\/05\/logo-1.png","width":140,"height":57,"caption":"Piemonte"},"image":{"@id":"https:\/\/www.piemonteholding.com\/#\/schema\/logo\/image\/"}}]}},"_links":{"self":[{"href":"https:\/\/www.piemonteholding.com\/en\/wp-json\/wp\/v2\/pages\/712","targetHints":{"allow":["GET"]}}],"collection":[{"href":"https:\/\/www.piemonteholding.com\/en\/wp-json\/wp\/v2\/pages"}],"about":[{"href":"https:\/\/www.piemonteholding.com\/en\/wp-json\/wp\/v2\/types\/page"}],"author":[{"embeddable":true,"href":"https:\/\/www.piemonteholding.com\/en\/wp-json\/wp\/v2\/users\/1"}],"replies":[{"embeddable":true,"href":"https:\/\/www.piemonteholding.com\/en\/wp-json\/wp\/v2\/comments?post=712"}],"version-history":[{"count":8,"href":"https:\/\/www.piemonteholding.com\/en\/wp-json\/wp\/v2\/pages\/712\/revisions"}],"predecessor-version":[{"id":1714,"href":"https:\/\/www.piemonteholding.com\/en\/wp-json\/wp\/v2\/pages\/712\/revisions\/1714"}],"wp:attachment":[{"href":"https:\/\/www.piemonteholding.com\/en\/wp-json\/wp\/v2\/media?parent=712"}],"curies":[{"name":"wp","href":"https:\/\/api.w.org\/{rel}","templated":true}]}}