{"id":731,"date":"2024-05-01T09:23:58","date_gmt":"2024-05-01T12:23:58","guid":{"rendered":"https:\/\/www.piemonteholding.com\/home\/"},"modified":"2024-10-29T19:10:11","modified_gmt":"2024-10-29T22:10:11","slug":"home","status":"publish","type":"page","link":"https:\/\/www.piemonteholding.com\/en\/","title":{"rendered":"Home"},"content":{"rendered":"\n            <section class=\"block-webdoor home bg-dark text-white\" style=\"background-image: url('https:\/\/www.piemonteholding.com\/wp-content\/uploads\/2024\/05\/homepage_header_background.png');\">\n            <div class=\"container py-lg-5\">\n                <div class=\"row\">\n                    <div class=\"col-lg-6 hidden\">\n                        <h6 class=\"text-uppercase ls-lg\">A DECADE OF HISTORY<\/h6>\n                        <h2 class=\"display-3 mb-4 font-style-2 fw-bold\">A VISION OF A SUSTAINABLE AND DIGITAL FUTURE<\/h2>\n                        <a href=\"\" class=\"btn btn-lg btn-outline-light\">\n                            Learn more                         <\/a>\n                    <\/div>\n                <\/div>\n            <\/div>\n        <\/section>\n\n    \n\n\n\n    \n        <section class=\"block-hero bg-secondary py-5\">\n            <div class=\"container\">\n                <div class=\"row\">\n                    <div class=\"col-lg-6\">\n                        <h6 class=\"text-danger text-uppercase ls-lg\">THE COMPANY<\/h6>\n                        <h2 class=\"display-4 hidden\">Investment in the economy&#8217;s <strong>digital transformation<\/strong><\/h2>\n                        <p class=\"py-4\">Piemonte Holding is a pioneering company focused on innovative investments in \u200b\u200bdigital infrastructure. The company actively, transparently, and constructively allocates capital to positively influence the economy and promote the sustainable growth of society.<\/p>\n                        <a href=\"https:\/\/www.piemonteholding.com\/en\/a-piemonte\/#a-empresa\" class=\"btn btn-lg btn-outline-dark d-block d-lg-inline-block\">\n                            Learn about Piemonte                         <\/a>\n                    <\/div>\n                    <div class=\"col-lg-5 offset-lg-1 mt-5 mt-lg-0 d-none d-lg-block\" data-aos=\"fade-down\">\n                        <img decoding=\"async\" src=\"https:\/\/www.piemonteholding.com\/wp-content\/uploads\/2024\/05\/homepage_img_01.png\" class=\"img-fluid\" alt=\"cabos de fibra \u00f3ptica brilhantes, criando uma representa\u00e7\u00e3o abstrata de velocidade e conectividade, representando tecnologia ou conex\u00f5es de internet\">\n                    <\/div>\n                <\/div>\n            <\/div>\n        <\/section>\n\n    \n\n\n\n    \n        <section class=\"block-hero-team pt-5 bg-gray\">\n            <div class=\"container\">\n                <div class=\"row align-items-end g-lg-5\">\n                    <div class=\"col-lg-6 order-2 order-lg-1\">\n                        <img decoding=\"async\" src=\"https:\/\/www.piemonteholding.com\/wp-content\/uploads\/2024\/07\/ppl-1.png\" class=\"img-fluid\" alt=\"\">\n                    <\/div>\n                    <div class=\"col-lg-6 order-1 order-lg-2 hidden\">\n                        <div class=\"mb-4\">\n                            <h6 class=\"text-danger text-uppercase ls-lg\">PIEMONTE TEAM<\/h6>\n                            <h2 class=\"display-5\"><strong>Multidisciplinary team <\/strong>of professionals<\/h2>\n                            <p class=\"py-3\">Piemonte\u2019s greatest asset is its people. With an experienced and multidisciplinary team of investment management experts who act with dedication and skill, our team creates immense value for members, investee companies, employees, and society.<\/p>\n                            <a href=\"https:\/\/www.piemonteholding.com\/en\/a-piemonte\/#nossa-equipe\" class=\"btn btn-lg btn-outline-dark d-block d-lg-inline-block mb-5\">\n                                See Leadership Profiles                             <\/a>\n                        <\/div>\n                    <\/div>\n                <\/div>\n            <\/div>\n        <\/section>\n\n    \n\n\n\n    \n        <section class=\"block-cards py-lg-5 bg-light\">\n            <div class=\"container py-5\">\n                <div class=\"row\">\n                    <div class=\"col-lg-10 mx-auto\">\n                        <div class=\"row mb-5\">\n                            <div class=\"col-lg-12\">\n                                <h2 class=\"display-4 mb-lg-5\">INVESTMENT MODELS<\/h2>\n                            <\/div>\n                        <\/div>\n                        <div class=\"row g-lg-5 hidden\">\n                                                            <div class=\"col-lg-4 mb-4 mb-lg-0\">\n                                    <div class=\"row\">\n                                        <div class=\"col-auto col-lg-12\">\n                                            <img decoding=\"async\" src=\"https:\/\/www.piemonteholding.com\/wp-content\/uploads\/2024\/05\/ico_financialgrowth.png\" alt=\"\">\n                                        <\/div>\n                                        <div class=\"col col-lg-12\">\n                                            <h4 class=\"pt-3 pt-lg-5 pb-lg-3 fw-bold\">Optimization of Resources<\/h4>\n                                        <\/div>\n                                    <\/div>                                                                    \n                                    <p class=\"small\"><p><p><br>To maximize the return on allocated financial resources, Piemonte makes differentiated strategic investment decisions to generate value and promote the digital transformation of the economy.<\/p>\n                                <\/div>\n                                                            <div class=\"col-lg-4 mb-4 mb-lg-0\">\n                                    <div class=\"row\">\n                                        <div class=\"col-auto col-lg-12\">\n                                            <img decoding=\"async\" src=\"https:\/\/www.piemonteholding.com\/wp-content\/uploads\/2024\/05\/ico_businessintelligence.png\" alt=\"\">\n                                        <\/div>\n                                        <div class=\"col col-lg-12\">\n                                            <h4 class=\"pt-3 pt-lg-5 pb-lg-3 fw-bold\">Specialized Investment Team<\/h4>\n                                        <\/div>\n                                    <\/div>                                                                    \n                                    <p class=\"small\">The excellence and track record of success in digital infrastructure make the Piemonte team unique in Latin America. Piemonte\u2019s experts\u2019 knowledge, especially in the data center sector, allows Piemonte to maintain strategic allocation options for investing in the industry, identifying opportunities for technological advancement and innovation with high growth potential.<\/p>\n                                <\/div>\n                                                            <div class=\"col-lg-4 mb-4 mb-lg-0\">\n                                    <div class=\"row\">\n                                        <div class=\"col-auto col-lg-12\">\n                                            <img decoding=\"async\" src=\"https:\/\/www.piemonteholding.com\/wp-content\/uploads\/2024\/07\/ico_strategy.png\" alt=\"\">\n                                        <\/div>\n                                        <div class=\"col col-lg-12\">\n                                            <h4 class=\"pt-3 pt-lg-5 pb-lg-3 fw-bold\">Business Proficiency<\/h4>\n                                        <\/div>\n                                    <\/div>                                                                    \n                                    <p class=\"small\">Piemonte\u2019s experience and track record enable it to execute investment projects with agility and efficiency. This ensures that financial resources are allocated effectively, aligned with the investor&#8217;s main strategy, and deployed optimally.<\/p>\n                                <\/div>\n                                                    <\/div>\n                        <div class=\"row\">\n                            <div class=\"col-lg-12 text-center py-5\">\n                                <a href=\"https:\/\/www.piemonteholding.com\/en\/teses-de-investimento\/\" class=\"btn btn-lg btn-outline-dark\">\n                                    Learn more                                <\/a>\n                            <\/div>\n                        <\/div>\n                    <\/div>\n                <\/div>\n            <\/div>\n        <\/section>\n\n    \n\n\n\n<p><\/p>\n","protected":false},"excerpt":{"rendered":"","protected":false},"author":1,"featured_media":0,"parent":0,"menu_order":0,"comment_status":"closed","ping_status":"closed","template":"","meta":{"_acf_changed":false,"footnotes":""},"class_list":["post-731","page","type-page","status-publish","hentry"],"acf":[],"yoast_head":"<!-- This site is optimized with the Yoast SEO plugin v27.4 - https:\/\/yoast.com\/product\/yoast-seo-wordpress\/ -->\n<title>Home - Piemonte Holding<\/title>\n<meta name=\"robots\" content=\"index, follow, max-snippet:-1, max-image-preview:large, max-video-preview:-1\" \/>\n<link rel=\"canonical\" href=\"https:\/\/www.piemonteholding.com\/en\/\" \/>\n<meta property=\"og:locale\" content=\"en_US\" \/>\n<meta property=\"og:type\" content=\"article\" \/>\n<meta property=\"og:title\" content=\"Home - Piemonte Holding\" \/>\n<meta property=\"og:url\" content=\"https:\/\/www.piemonteholding.com\/en\/\" \/>\n<meta property=\"og:site_name\" content=\"Piemonte Holding\" \/>\n<meta property=\"article:modified_time\" content=\"2024-10-29T22:10:11+00:00\" \/>\n<meta name=\"twitter:card\" content=\"summary_large_image\" \/>\n<script type=\"application\/ld+json\" class=\"yoast-schema-graph\">{\"@context\":\"https:\\\/\\\/schema.org\",\"@graph\":[{\"@type\":\"WebPage\",\"@id\":\"https:\\\/\\\/www.piemonteholding.com\\\/en\\\/\",\"url\":\"https:\\\/\\\/www.piemonteholding.com\\\/en\\\/\",\"name\":\"Home - Piemonte Holding\",\"isPartOf\":{\"@id\":\"https:\\\/\\\/www.piemonteholding.com\\\/#website\"},\"datePublished\":\"2024-05-01T12:23:58+00:00\",\"dateModified\":\"2024-10-29T22:10:11+00:00\",\"breadcrumb\":{\"@id\":\"https:\\\/\\\/www.piemonteholding.com\\\/en\\\/#breadcrumb\"},\"inLanguage\":\"en-US\",\"potentialAction\":[{\"@type\":\"ReadAction\",\"target\":[\"https:\\\/\\\/www.piemonteholding.com\\\/en\\\/\"]}]},{\"@type\":\"BreadcrumbList\",\"@id\":\"https:\\\/\\\/www.piemonteholding.com\\\/en\\\/#breadcrumb\",\"itemListElement\":[{\"@type\":\"ListItem\",\"position\":1,\"name\":\"In\u00edcio\",\"item\":\"https:\\\/\\\/www.piemonteholding.com\\\/en\\\/\"},{\"@type\":\"ListItem\",\"position\":2,\"name\":\"Home\"}]},{\"@type\":\"WebSite\",\"@id\":\"https:\\\/\\\/www.piemonteholding.com\\\/#website\",\"url\":\"https:\\\/\\\/www.piemonteholding.com\\\/\",\"name\":\"Piemonte\",\"description\":\"Piemonte Holding\",\"publisher\":{\"@id\":\"https:\\\/\\\/www.piemonteholding.com\\\/#organization\"},\"alternateName\":\"Piemonte\",\"potentialAction\":[{\"@type\":\"SearchAction\",\"target\":{\"@type\":\"EntryPoint\",\"urlTemplate\":\"https:\\\/\\\/www.piemonteholding.com\\\/?s={search_term_string}\"},\"query-input\":{\"@type\":\"PropertyValueSpecification\",\"valueRequired\":true,\"valueName\":\"search_term_string\"}}],\"inLanguage\":\"en-US\"},{\"@type\":\"Organization\",\"@id\":\"https:\\\/\\\/www.piemonteholding.com\\\/#organization\",\"name\":\"Piemonte\",\"url\":\"https:\\\/\\\/www.piemonteholding.com\\\/\",\"logo\":{\"@type\":\"ImageObject\",\"inLanguage\":\"en-US\",\"@id\":\"https:\\\/\\\/www.piemonteholding.com\\\/#\\\/schema\\\/logo\\\/image\\\/\",\"url\":\"https:\\\/\\\/www.piemonteholding.com\\\/wp-content\\\/uploads\\\/2024\\\/05\\\/logo-1.png\",\"contentUrl\":\"https:\\\/\\\/www.piemonteholding.com\\\/wp-content\\\/uploads\\\/2024\\\/05\\\/logo-1.png\",\"width\":140,\"height\":57,\"caption\":\"Piemonte\"},\"image\":{\"@id\":\"https:\\\/\\\/www.piemonteholding.com\\\/#\\\/schema\\\/logo\\\/image\\\/\"}}]}<\/script>\n<!-- \/ Yoast SEO plugin. -->","yoast_head_json":{"title":"Home - Piemonte Holding","robots":{"index":"index","follow":"follow","max-snippet":"max-snippet:-1","max-image-preview":"max-image-preview:large","max-video-preview":"max-video-preview:-1"},"canonical":"https:\/\/www.piemonteholding.com\/en\/","og_locale":"en_US","og_type":"article","og_title":"Home - Piemonte Holding","og_url":"https:\/\/www.piemonteholding.com\/en\/","og_site_name":"Piemonte Holding","article_modified_time":"2024-10-29T22:10:11+00:00","twitter_card":"summary_large_image","schema":{"@context":"https:\/\/schema.org","@graph":[{"@type":"WebPage","@id":"https:\/\/www.piemonteholding.com\/en\/","url":"https:\/\/www.piemonteholding.com\/en\/","name":"Home - Piemonte Holding","isPartOf":{"@id":"https:\/\/www.piemonteholding.com\/#website"},"datePublished":"2024-05-01T12:23:58+00:00","dateModified":"2024-10-29T22:10:11+00:00","breadcrumb":{"@id":"https:\/\/www.piemonteholding.com\/en\/#breadcrumb"},"inLanguage":"en-US","potentialAction":[{"@type":"ReadAction","target":["https:\/\/www.piemonteholding.com\/en\/"]}]},{"@type":"BreadcrumbList","@id":"https:\/\/www.piemonteholding.com\/en\/#breadcrumb","itemListElement":[{"@type":"ListItem","position":1,"name":"In\u00edcio","item":"https:\/\/www.piemonteholding.com\/en\/"},{"@type":"ListItem","position":2,"name":"Home"}]},{"@type":"WebSite","@id":"https:\/\/www.piemonteholding.com\/#website","url":"https:\/\/www.piemonteholding.com\/","name":"Piemonte","description":"Piemonte Holding","publisher":{"@id":"https:\/\/www.piemonteholding.com\/#organization"},"alternateName":"Piemonte","potentialAction":[{"@type":"SearchAction","target":{"@type":"EntryPoint","urlTemplate":"https:\/\/www.piemonteholding.com\/?s={search_term_string}"},"query-input":{"@type":"PropertyValueSpecification","valueRequired":true,"valueName":"search_term_string"}}],"inLanguage":"en-US"},{"@type":"Organization","@id":"https:\/\/www.piemonteholding.com\/#organization","name":"Piemonte","url":"https:\/\/www.piemonteholding.com\/","logo":{"@type":"ImageObject","inLanguage":"en-US","@id":"https:\/\/www.piemonteholding.com\/#\/schema\/logo\/image\/","url":"https:\/\/www.piemonteholding.com\/wp-content\/uploads\/2024\/05\/logo-1.png","contentUrl":"https:\/\/www.piemonteholding.com\/wp-content\/uploads\/2024\/05\/logo-1.png","width":140,"height":57,"caption":"Piemonte"},"image":{"@id":"https:\/\/www.piemonteholding.com\/#\/schema\/logo\/image\/"}}]}},"_links":{"self":[{"href":"https:\/\/www.piemonteholding.com\/en\/wp-json\/wp\/v2\/pages\/731","targetHints":{"allow":["GET"]}}],"collection":[{"href":"https:\/\/www.piemonteholding.com\/en\/wp-json\/wp\/v2\/pages"}],"about":[{"href":"https:\/\/www.piemonteholding.com\/en\/wp-json\/wp\/v2\/types\/page"}],"author":[{"embeddable":true,"href":"https:\/\/www.piemonteholding.com\/en\/wp-json\/wp\/v2\/users\/1"}],"replies":[{"embeddable":true,"href":"https:\/\/www.piemonteholding.com\/en\/wp-json\/wp\/v2\/comments?post=731"}],"version-history":[{"count":35,"href":"https:\/\/www.piemonteholding.com\/en\/wp-json\/wp\/v2\/pages\/731\/revisions"}],"predecessor-version":[{"id":1814,"href":"https:\/\/www.piemonteholding.com\/en\/wp-json\/wp\/v2\/pages\/731\/revisions\/1814"}],"wp:attachment":[{"href":"https:\/\/www.piemonteholding.com\/en\/wp-json\/wp\/v2\/media?parent=731"}],"curies":[{"name":"wp","href":"https:\/\/api.w.org\/{rel}","templated":true}]}}