{"id":765,"date":"2024-05-23T16:30:39","date_gmt":"2024-05-23T19:30:39","guid":{"rendered":"https:\/\/www.piemonteholding.com\/na-midia\/"},"modified":"2024-09-20T15:33:52","modified_gmt":"2024-09-20T18:33:52","slug":"na-midia","status":"publish","type":"page","link":"https:\/\/www.piemonteholding.com\/en\/na-midia\/","title":{"rendered":"In the Media"},"content":{"rendered":"\n    \n        <section class=\"block-webdoor bg-dark text-white\" style=\"background-image: url('https:\/\/www.piemonteholding.com\/wp-content\/uploads\/2024\/05\/na-midia-header.jpg');\">\n            <div class=\"container pt-5\">\n                <div class=\"row\">\n                    <div class=\"col-lg-12 text-center\">\n                        <h2 class=\"display-4 fw-bold hidden\">\n                            News and Insights                        <\/h2>\n                    <\/div>\n                <\/div>\n            <\/div>\n        <\/section>\n\n    \n\n\n\n    \n        <section class=\"block-news-highlights py-5\">\n            <div class=\"container\">\n                <div class=\"row g-lg-5 hidden\">\n\n                    \n                                                                        <div class=\"col-lg-4 mb-5 mb-lg-0\">\n                                <div class=\"pe-lg-5\">\n                                                                                                                <img decoding=\"async\" src=\"https:\/\/www.piemonteholding.com\/wp-content\/uploads\/2024\/11\/Design-sem-nome.png\" class=\"img-fluid mb-4\">\n                                                                        <h6 class=\"text-danger text-uppercase ls-lg mb-3\">Nov 18, 2024<\/h6>\n                                    <h4 class=\"fw-bold\">Exclusivo: Holding de infraestrutura digital monta fundo de R$ 1 bi para \u2018data centers\u2019<\/h4>\n                                                                        <a href=\"https:\/\/www.piemonteholding.com\/en\/2024\/11\/18\/exclusivo-holding-de-infraestrutura-digital-monta-fundo-de-r-1-bi-para-data-centers\/\" class=\"text-dark\">\n                                        <img decoding=\"async\" src=\"https:\/\/www.piemonteholding.com\/wp-content\/themes\/theme\/assets\/img\/ico_arrow_right.png\" class=\"me-2\">\n                                        read more                                    <\/a>\n                                <\/div>\n                            <\/div>\n                                                    <div class=\"col-lg-4 mb-5 mb-lg-0\">\n                                <div class=\"pe-lg-5\">\n                                                                                                                <img decoding=\"async\" src=\"https:\/\/www.piemonteholding.com\/wp-content\/uploads\/2024\/10\/1.png\" class=\"img-fluid mb-4\">\n                                                                        <h6 class=\"text-danger text-uppercase ls-lg mb-3\">Oct 29, 2024<\/h6>\n                                    <h4 class=\"fw-bold\">Encontrando o equil\u00edbrio entre expans\u00e3o r\u00e1pida, pr\u00e1ticas sustent\u00e1veis e efici\u00eancia energ\u00e9tica sem comprometer o desempenho<\/h4>\n                                                                        <a href=\"https:\/\/www.piemonteholding.com\/en\/2024\/10\/29\/encontrando-o-equilibrio-entre-expansao-rapida-praticas-sustentaveis-e-eficiencia-energetica-sem-comprometer-o-desempenho\/\" class=\"text-dark\">\n                                        <img decoding=\"async\" src=\"https:\/\/www.piemonteholding.com\/wp-content\/themes\/theme\/assets\/img\/ico_arrow_right.png\" class=\"me-2\">\n                                        read more                                    <\/a>\n                                <\/div>\n                            <\/div>\n                                                    <div class=\"col-lg-4 mb-5 mb-lg-0\">\n                                <div class=\"pe-lg-5\">\n                                                                                                                <img decoding=\"async\" src=\"https:\/\/www.piemonteholding.com\/wp-content\/uploads\/2024\/11\/2.png\" class=\"img-fluid mb-4\">\n                                                                        <h6 class=\"text-danger text-uppercase ls-lg mb-3\">Oct 14, 2024<\/h6>\n                                    <h4 class=\"fw-bold\">Piemonte Holding contrata Alan Salgado como Diretor de Gest\u00e3o<\/h4>\n                                                                        <a href=\"https:\/\/www.piemonteholding.com\/en\/2024\/10\/14\/piemonte-holding-contrata-alan-salgado-como-diretor-de-gestao\/\" class=\"text-dark\">\n                                        <img decoding=\"async\" src=\"https:\/\/www.piemonteholding.com\/wp-content\/themes\/theme\/assets\/img\/ico_arrow_right.png\" class=\"me-2\">\n                                        read more                                    <\/a>\n                                <\/div>\n                            <\/div>\n                                                    <div class=\"col-lg-4 mb-5 mb-lg-0\">\n                                <div class=\"pe-lg-5\">\n                                                                                                                <img decoding=\"async\" src=\"https:\/\/www.piemonteholding.com\/wp-content\/uploads\/2024\/09\/AYR_3955-1.jpg\" class=\"img-fluid mb-4\">\n                                                                        <h6 class=\"text-danger text-uppercase ls-lg mb-3\">Sep 09, 2024<\/h6>\n                                    <h4 class=\"fw-bold\">Fernando de Angelo assume a Diretoria de Investimento e Estrat\u00e9gia na Piemonte Holding<\/h4>\n                                                                        <a href=\"https:\/\/www.piemonteholding.com\/en\/2024\/09\/09\/fernando-de-angelo-assume-a-diretoria-de-investimento-e-estrategia-na-piemonte-holding\/\" class=\"text-dark\">\n                                        <img decoding=\"async\" src=\"https:\/\/www.piemonteholding.com\/wp-content\/themes\/theme\/assets\/img\/ico_arrow_right.png\" class=\"me-2\">\n                                        read more                                    <\/a>\n                                <\/div>\n                            <\/div>\n                                                    <div class=\"col-lg-4 mb-5 mb-lg-0\">\n                                <div class=\"pe-lg-5\">\n                                                                                                                <img decoding=\"async\" src=\"https:\/\/www.piemonteholding.com\/wp-content\/uploads\/2024\/08\/GPTW-RJ.png\" class=\"img-fluid mb-4\">\n                                                                        <h6 class=\"text-danger text-uppercase ls-lg mb-3\">Aug 01, 2024<\/h6>\n                                    <h4 class=\"fw-bold\">Elea Data Centers, empresa do Grupo Piemonte, se destaca no GPTW RJ entre as melhores empresas para trabalhar<\/h4>\n                                                                        <a href=\"https:\/\/www.piemonteholding.com\/en\/2024\/08\/01\/piemonte-holding-se-destaca-no-gptw-rj-com-elea-data-centers-entre-as-melhores-empresas-para-trabalhar\/\" class=\"text-dark\">\n                                        <img decoding=\"async\" src=\"https:\/\/www.piemonteholding.com\/wp-content\/themes\/theme\/assets\/img\/ico_arrow_right.png\" class=\"me-2\">\n                                        read more                                    <\/a>\n                                <\/div>\n                            <\/div>\n                                                                \n                <\/div>\n            <\/div>\n        <\/section>\n\n    \n","protected":false},"excerpt":{"rendered":"","protected":false},"author":1,"featured_media":397,"parent":0,"menu_order":0,"comment_status":"closed","ping_status":"closed","template":"","meta":{"_acf_changed":false,"footnotes":""},"class_list":["post-765","page","type-page","status-publish","has-post-thumbnail","hentry"],"acf":[],"yoast_head":"<!-- This site is optimized with the Yoast SEO plugin v27.4 - https:\/\/yoast.com\/product\/yoast-seo-wordpress\/ -->\n<title>In the Media - Piemonte Holding<\/title>\n<meta name=\"robots\" content=\"index, follow, max-snippet:-1, max-image-preview:large, max-video-preview:-1\" \/>\n<link rel=\"canonical\" href=\"https:\/\/www.piemonteholding.com\/en\/na-midia\/\" \/>\n<meta property=\"og:locale\" content=\"en_US\" \/>\n<meta property=\"og:type\" content=\"article\" \/>\n<meta property=\"og:title\" content=\"In the Media - Piemonte Holding\" \/>\n<meta property=\"og:url\" content=\"https:\/\/www.piemonteholding.com\/en\/na-midia\/\" \/>\n<meta property=\"og:site_name\" content=\"Piemonte Holding\" \/>\n<meta property=\"article:modified_time\" content=\"2024-09-20T18:33:52+00:00\" \/>\n<meta property=\"og:image\" content=\"https:\/\/www.piemonteholding.com\/wp-content\/uploads\/2024\/05\/na-midia-header.jpg\" \/>\n\t<meta property=\"og:image:width\" content=\"1899\" \/>\n\t<meta property=\"og:image:height\" content=\"364\" \/>\n\t<meta property=\"og:image:type\" content=\"image\/jpeg\" \/>\n<meta name=\"twitter:card\" content=\"summary_large_image\" \/>\n<meta name=\"twitter:label1\" content=\"Est. reading time\" \/>\n\t<meta name=\"twitter:data1\" content=\"1 minute\" \/>\n<script type=\"application\/ld+json\" class=\"yoast-schema-graph\">{\"@context\":\"https:\\\/\\\/schema.org\",\"@graph\":[{\"@type\":\"WebPage\",\"@id\":\"https:\\\/\\\/www.piemonteholding.com\\\/en\\\/na-midia\\\/\",\"url\":\"https:\\\/\\\/www.piemonteholding.com\\\/en\\\/na-midia\\\/\",\"name\":\"In the Media - Piemonte Holding\",\"isPartOf\":{\"@id\":\"https:\\\/\\\/www.piemonteholding.com\\\/#website\"},\"primaryImageOfPage\":{\"@id\":\"https:\\\/\\\/www.piemonteholding.com\\\/en\\\/na-midia\\\/#primaryimage\"},\"image\":{\"@id\":\"https:\\\/\\\/www.piemonteholding.com\\\/en\\\/na-midia\\\/#primaryimage\"},\"thumbnailUrl\":\"https:\\\/\\\/www.piemonteholding.com\\\/wp-content\\\/uploads\\\/2024\\\/05\\\/na-midia-header.jpg\",\"datePublished\":\"2024-05-23T19:30:39+00:00\",\"dateModified\":\"2024-09-20T18:33:52+00:00\",\"breadcrumb\":{\"@id\":\"https:\\\/\\\/www.piemonteholding.com\\\/en\\\/na-midia\\\/#breadcrumb\"},\"inLanguage\":\"en-US\",\"potentialAction\":[{\"@type\":\"ReadAction\",\"target\":[\"https:\\\/\\\/www.piemonteholding.com\\\/en\\\/na-midia\\\/\"]}]},{\"@type\":\"ImageObject\",\"inLanguage\":\"en-US\",\"@id\":\"https:\\\/\\\/www.piemonteholding.com\\\/en\\\/na-midia\\\/#primaryimage\",\"url\":\"https:\\\/\\\/www.piemonteholding.com\\\/wp-content\\\/uploads\\\/2024\\\/05\\\/na-midia-header.jpg\",\"contentUrl\":\"https:\\\/\\\/www.piemonteholding.com\\\/wp-content\\\/uploads\\\/2024\\\/05\\\/na-midia-header.jpg\",\"width\":1899,\"height\":364,\"caption\":\"pessoa digitando em um laptop aberto\"},{\"@type\":\"BreadcrumbList\",\"@id\":\"https:\\\/\\\/www.piemonteholding.com\\\/en\\\/na-midia\\\/#breadcrumb\",\"itemListElement\":[{\"@type\":\"ListItem\",\"position\":1,\"name\":\"In\u00edcio\",\"item\":\"https:\\\/\\\/www.piemonteholding.com\\\/en\\\/\"},{\"@type\":\"ListItem\",\"position\":2,\"name\":\"In the Media\"}]},{\"@type\":\"WebSite\",\"@id\":\"https:\\\/\\\/www.piemonteholding.com\\\/#website\",\"url\":\"https:\\\/\\\/www.piemonteholding.com\\\/\",\"name\":\"Piemonte\",\"description\":\"Piemonte Holding\",\"publisher\":{\"@id\":\"https:\\\/\\\/www.piemonteholding.com\\\/#organization\"},\"alternateName\":\"Piemonte\",\"potentialAction\":[{\"@type\":\"SearchAction\",\"target\":{\"@type\":\"EntryPoint\",\"urlTemplate\":\"https:\\\/\\\/www.piemonteholding.com\\\/?s={search_term_string}\"},\"query-input\":{\"@type\":\"PropertyValueSpecification\",\"valueRequired\":true,\"valueName\":\"search_term_string\"}}],\"inLanguage\":\"en-US\"},{\"@type\":\"Organization\",\"@id\":\"https:\\\/\\\/www.piemonteholding.com\\\/#organization\",\"name\":\"Piemonte\",\"url\":\"https:\\\/\\\/www.piemonteholding.com\\\/\",\"logo\":{\"@type\":\"ImageObject\",\"inLanguage\":\"en-US\",\"@id\":\"https:\\\/\\\/www.piemonteholding.com\\\/#\\\/schema\\\/logo\\\/image\\\/\",\"url\":\"https:\\\/\\\/www.piemonteholding.com\\\/wp-content\\\/uploads\\\/2024\\\/05\\\/logo-1.png\",\"contentUrl\":\"https:\\\/\\\/www.piemonteholding.com\\\/wp-content\\\/uploads\\\/2024\\\/05\\\/logo-1.png\",\"width\":140,\"height\":57,\"caption\":\"Piemonte\"},\"image\":{\"@id\":\"https:\\\/\\\/www.piemonteholding.com\\\/#\\\/schema\\\/logo\\\/image\\\/\"}}]}<\/script>\n<!-- \/ Yoast SEO plugin. -->","yoast_head_json":{"title":"In the Media - Piemonte Holding","robots":{"index":"index","follow":"follow","max-snippet":"max-snippet:-1","max-image-preview":"max-image-preview:large","max-video-preview":"max-video-preview:-1"},"canonical":"https:\/\/www.piemonteholding.com\/en\/na-midia\/","og_locale":"en_US","og_type":"article","og_title":"In the Media - Piemonte Holding","og_url":"https:\/\/www.piemonteholding.com\/en\/na-midia\/","og_site_name":"Piemonte Holding","article_modified_time":"2024-09-20T18:33:52+00:00","og_image":[{"width":1899,"height":364,"url":"https:\/\/www.piemonteholding.com\/wp-content\/uploads\/2024\/05\/na-midia-header.jpg","type":"image\/jpeg"}],"twitter_card":"summary_large_image","twitter_misc":{"Est. reading time":"1 minute"},"schema":{"@context":"https:\/\/schema.org","@graph":[{"@type":"WebPage","@id":"https:\/\/www.piemonteholding.com\/en\/na-midia\/","url":"https:\/\/www.piemonteholding.com\/en\/na-midia\/","name":"In the Media - Piemonte Holding","isPartOf":{"@id":"https:\/\/www.piemonteholding.com\/#website"},"primaryImageOfPage":{"@id":"https:\/\/www.piemonteholding.com\/en\/na-midia\/#primaryimage"},"image":{"@id":"https:\/\/www.piemonteholding.com\/en\/na-midia\/#primaryimage"},"thumbnailUrl":"https:\/\/www.piemonteholding.com\/wp-content\/uploads\/2024\/05\/na-midia-header.jpg","datePublished":"2024-05-23T19:30:39+00:00","dateModified":"2024-09-20T18:33:52+00:00","breadcrumb":{"@id":"https:\/\/www.piemonteholding.com\/en\/na-midia\/#breadcrumb"},"inLanguage":"en-US","potentialAction":[{"@type":"ReadAction","target":["https:\/\/www.piemonteholding.com\/en\/na-midia\/"]}]},{"@type":"ImageObject","inLanguage":"en-US","@id":"https:\/\/www.piemonteholding.com\/en\/na-midia\/#primaryimage","url":"https:\/\/www.piemonteholding.com\/wp-content\/uploads\/2024\/05\/na-midia-header.jpg","contentUrl":"https:\/\/www.piemonteholding.com\/wp-content\/uploads\/2024\/05\/na-midia-header.jpg","width":1899,"height":364,"caption":"pessoa digitando em um laptop aberto"},{"@type":"BreadcrumbList","@id":"https:\/\/www.piemonteholding.com\/en\/na-midia\/#breadcrumb","itemListElement":[{"@type":"ListItem","position":1,"name":"In\u00edcio","item":"https:\/\/www.piemonteholding.com\/en\/"},{"@type":"ListItem","position":2,"name":"In the Media"}]},{"@type":"WebSite","@id":"https:\/\/www.piemonteholding.com\/#website","url":"https:\/\/www.piemonteholding.com\/","name":"Piemonte","description":"Piemonte Holding","publisher":{"@id":"https:\/\/www.piemonteholding.com\/#organization"},"alternateName":"Piemonte","potentialAction":[{"@type":"SearchAction","target":{"@type":"EntryPoint","urlTemplate":"https:\/\/www.piemonteholding.com\/?s={search_term_string}"},"query-input":{"@type":"PropertyValueSpecification","valueRequired":true,"valueName":"search_term_string"}}],"inLanguage":"en-US"},{"@type":"Organization","@id":"https:\/\/www.piemonteholding.com\/#organization","name":"Piemonte","url":"https:\/\/www.piemonteholding.com\/","logo":{"@type":"ImageObject","inLanguage":"en-US","@id":"https:\/\/www.piemonteholding.com\/#\/schema\/logo\/image\/","url":"https:\/\/www.piemonteholding.com\/wp-content\/uploads\/2024\/05\/logo-1.png","contentUrl":"https:\/\/www.piemonteholding.com\/wp-content\/uploads\/2024\/05\/logo-1.png","width":140,"height":57,"caption":"Piemonte"},"image":{"@id":"https:\/\/www.piemonteholding.com\/#\/schema\/logo\/image\/"}}]}},"_links":{"self":[{"href":"https:\/\/www.piemonteholding.com\/en\/wp-json\/wp\/v2\/pages\/765","targetHints":{"allow":["GET"]}}],"collection":[{"href":"https:\/\/www.piemonteholding.com\/en\/wp-json\/wp\/v2\/pages"}],"about":[{"href":"https:\/\/www.piemonteholding.com\/en\/wp-json\/wp\/v2\/types\/page"}],"author":[{"embeddable":true,"href":"https:\/\/www.piemonteholding.com\/en\/wp-json\/wp\/v2\/users\/1"}],"replies":[{"embeddable":true,"href":"https:\/\/www.piemonteholding.com\/en\/wp-json\/wp\/v2\/comments?post=765"}],"version-history":[{"count":5,"href":"https:\/\/www.piemonteholding.com\/en\/wp-json\/wp\/v2\/pages\/765\/revisions"}],"predecessor-version":[{"id":1738,"href":"https:\/\/www.piemonteholding.com\/en\/wp-json\/wp\/v2\/pages\/765\/revisions\/1738"}],"wp:featuredmedia":[{"embeddable":true,"href":"https:\/\/www.piemonteholding.com\/en\/wp-json\/wp\/v2\/media\/397"}],"wp:attachment":[{"href":"https:\/\/www.piemonteholding.com\/en\/wp-json\/wp\/v2\/media?parent=765"}],"curies":[{"name":"wp","href":"https:\/\/api.w.org\/{rel}","templated":true}]}}